{"id":2288,"date":"2017-12-07T02:25:11","date_gmt":"2017-12-07T02:25:11","guid":{"rendered":"http:\/\/ninzio.com\/bauer\/?page_id=2288"},"modified":"2021-11-08T19:57:18","modified_gmt":"2021-11-08T16:57:18","slug":"hakkimizda","status":"publish","type":"page","link":"http:\/\/berkmetalyapi.com\/index.php\/hakkimizda\/","title":{"rendered":"Hakk\u0131m\u0131zda"},"content":{"rendered":"<p>[vc_row css=&#8221;.vc_custom_1558754119849{background-image: url(http:\/\/berkmetalyapi.com\/wp-content\/uploads\/2019\/05\/main-bg-1.png?id=8860) !important;background-position: center !important;background-repeat: no-repeat !important;background-size: cover !important;}&#8221; el_id=&#8221;first-row&#8221;][vc_column]\r\n\t<div class=\"bauer-spacer clearfix\" data-desktop=\"94\" data-mobi=\"60\" data-smobi=\"60\"><\/div>[vc_row_inner][vc_column_inner width=&#8221;1\/2&#8243;]<div class=\"bauer-single-heading clearfix \" style=\"margin-bottom:25px;\"><span class=\"inner\"><span class=\"heading clearfix \" style=\"font-weight:600;color:#cacaca;font-size:16px;\">\r\n\t\tYILDIZ \u00c7ATI YAPI'YA HO\u015eGELD\u0130N\u0130Z\r\n\t<\/span><\/span><\/div><h2 class=\"bauer-text clearfix \" style=\"font-size:42px;line-height:50px;margin-bottom:32px;\"><p><span class=\"font-weight-300\">Yeniliklere a\u00e7\u0131k olman\u0131n ve profesyonelli\u011fin \u00f6nemini biliyoruz<\/span><\/p>\n<\/h2><div class=\"bauer-text clearfix \" style=\"font-size:18px;line-height:30px;color:#414042;margin-bottom:34px;\"><p>2017 da kurulmam\u0131zdan bu yana, vizyonumuz ve odak noktam\u0131z;<br \/>\nileti\u015fim ve detaylara \u00f6nem vererek m\u00fc\u015fterilerimiz i\u00e7in en do\u011fru projeleri sunmak olmu\u015ftur.<\/p>\n<\/div><div class=\"bauer-text clearfix \" style=\"\"><p>Y\u0131ld\u0131z \u00c7at\u0131 kurulurken tek bir amac\u0131m\u0131z vard\u0131: butik, aile taraf\u0131ndan y\u00f6netilen bir i\u015fletmenin esnekli\u011fi ve m\u00fc\u015fteri odakl\u0131l\u0131\u011f\u0131yla \u00e7al\u0131\u015f\u0131rken, herkesin dikkatini \u00e7ekebilecek bir \u015firket kurmak. Biz buna b\u00fcy\u00fck i\u015fletme yakla\u015f\u0131m\u0131yla k\u00fc\u00e7\u00fck i\u015fletme de\u011ferleri diyoruz.<\/p>\n<p>Bug\u00fcn, i\u015fimizin y\u00fczde 75\u2019i eski \u00e7ekirdek m\u00fc\u015fteriler grubundan geliyor; bu da g\u00fc\u00e7l\u00fc, uzun vadeli i\u015f ili\u015fkileri kurma taahh\u00fcd\u00fcm\u00fcz\u00fcn bir kan\u0131t\u0131d\u0131r.<\/p>\n<\/div>\r\n\t<div class=\"bauer-spacer clearfix\" data-desktop=\"60\" data-mobi=\"30\" data-smobi=\"30\"><\/div><div class=\"button-wrap icon-right\" style=\"\" ><a href=\"https:\/\/ninzio.com\/bauer\/services\/\" target=\"_self\" class=\"bauer-button btn-643823718 medium no_icon custom outline solid outline-accent\" style=\"border-radius:30px;border-width:2px;\"  data-background=\"\" data-text=\"#f35c27\" data-text-hover=\"#ffffff\" data-background-hover=\"#f35c27\">\r\n\t\t<span style=\"\">Projelerimiz <\/span>\r\n\t<\/a><\/div>[\/vc_column_inner][vc_column_inner width=&#8221;1\/2&#8243;]\r\n\t<div class=\"bauer-spacer clearfix\" data-desktop=\"55\" data-mobi=\"40\" data-smobi=\"40\"><\/div><div class=\"bauer-simple-image text-center\" style=\"\" >\r\n\t\t\t<img decoding=\"async\" alt=\"image\" src=\"http:\/\/berkmetalyapi.com\/wp-content\/uploads\/2021\/11\/15.jpg\" \/> \r\n\t\t<\/div>[\/vc_column_inner][\/vc_row_inner]\r\n\t<div class=\"bauer-spacer clearfix\" data-desktop=\"100\" data-mobi=\"60\" data-smobi=\"60\"><\/div>[\/vc_column][\/vc_row]<\/p>\n","protected":false},"excerpt":{"rendered":"<p>[vc_row css=&#8221;.vc_custom_1558754119849{background-image: url(http:\/\/berkmetalyapi.com\/wp-content\/uploads\/2019\/05\/main-bg-1.png?id=8860) !important;background-position: center !important;background-repeat: no-repeat !important;background-size: cover !important;}&#8221; el_id=&#8221;first-row&#8221;][vc_column][vc_row_inner][vc_column_inner width=&#8221;1\/2&#8243;][\/vc_column_inner][vc_column_inner width=&#8221;1\/2&#8243;][\/vc_column_inner][\/vc_row_inner][\/vc_column][\/vc_row]<\/p>\n","protected":false},"author":1,"featured_media":0,"parent":0,"menu_order":0,"comment_status":"closed","ping_status":"closed","template":"","meta":{"footnotes":""},"class_list":["post-2288","page","type-page","status-publish","hentry"],"_links":{"self":[{"href":"http:\/\/berkmetalyapi.com\/index.php\/wp-json\/wp\/v2\/pages\/2288","targetHints":{"allow":["GET"]}}],"collection":[{"href":"http:\/\/berkmetalyapi.com\/index.php\/wp-json\/wp\/v2\/pages"}],"about":[{"href":"http:\/\/berkmetalyapi.com\/index.php\/wp-json\/wp\/v2\/types\/page"}],"author":[{"embeddable":true,"href":"http:\/\/berkmetalyapi.com\/index.php\/wp-json\/wp\/v2\/users\/1"}],"replies":[{"embeddable":true,"href":"http:\/\/berkmetalyapi.com\/index.php\/wp-json\/wp\/v2\/comments?post=2288"}],"version-history":[{"count":2,"href":"http:\/\/berkmetalyapi.com\/index.php\/wp-json\/wp\/v2\/pages\/2288\/revisions"}],"predecessor-version":[{"id":9285,"href":"http:\/\/berkmetalyapi.com\/index.php\/wp-json\/wp\/v2\/pages\/2288\/revisions\/9285"}],"wp:attachment":[{"href":"http:\/\/berkmetalyapi.com\/index.php\/wp-json\/wp\/v2\/media?parent=2288"}],"curies":[{"name":"wp","href":"https:\/\/api.w.org\/{rel}","templated":true}]}}